{"id":1846,"date":"2021-11-08T11:10:09","date_gmt":"2021-11-08T11:10:09","guid":{"rendered":"https:\/\/www.biltemak.com\/?page_id=1846"},"modified":"2022-01-31T14:36:47","modified_gmt":"2022-01-31T14:36:47","slug":"enerji-cozumleri","status":"publish","type":"page","link":"https:\/\/www.biltemak.com\/?page_id=1846","title":{"rendered":"Enerji \u00c7\u00f6z\u00fcmleri"},"content":{"rendered":"\n<h3 class=\"wp-block-heading\">Her \u015earta Uygun Enerji \u00c7\u00f6z\u00fcmleri<\/h3>\n\n\n\n<p>Enerji sistemi se\u00e7imi, intralojistikte \u00f6zellikle Toplam Sahip Olma Maliyeti (TCO) g\u00f6z \u00f6n\u00fcnde bulunduruldu\u011funda giderek \u00f6nemli bir fakt\u00f6r haline gelmi\u015ftir. Bununla beraber sadece sat\u0131n al\u0131nan ekipman\u0131n maliyeti de\u011fil, i\u015fletme maliyeti, dolay\u0131s\u0131yla enerji harcamalar\u0131 da g\u00f6z \u00f6n\u00fcnde bulundurulmal\u0131d\u0131r. Her uygulaman\u0131n kendi gereklilikleri vard\u0131r. Bunlardan baz\u0131lar\u0131: \u015earj veya yak\u0131t dolumu i\u00e7in gerekli alan, enerji t\u00fcketimi, \u00e7evresel s\u00fcrd\u00fcr\u00fclebilirlik gibi devam ettirilebilir.<\/p>\n\n\n\n<p>Avantajlar\u0131 d\u00fc\u015f\u00fcn\u00fcld\u00fc\u011f\u00fcnde lityum iyon piller ve hidrojen yak\u0131t h\u00fccreleri, i\u00e7ten yanmal\u0131 motor veya kur\u015fun asit ak\u00fclere nispeten daha \u00e7ok tercih edilmektedir. Biltemak Makine \u00e7e\u015fitli modelleri, kapsaml\u0131 \u00e7\u00f6z\u00fcmleri ve servis hizmetleriyle b\u00fct\u00fcn bu enerji sistemleri teknolojilerini sunar.<\/p>\n\n\n\n<p>\u0130\u015fletmenize maksimum fayda sa\u011flayarak ba\u015far\u0131ya giden yolda g\u00fc\u00e7 vermek i\u00e7in size kapsaml\u0131 hizmet ve \u00e7\u00f6z\u00fcmler tasarlar, bunlar\u0131 g\u00fc\u00e7l\u00fc teknik destek ve rekabet\u00e7i fiyatlarla sunar\u0131z.<\/p>\n","protected":false},"excerpt":{"rendered":"Her \u015earta Uygun Enerji \u00c7\u00f6z\u00fcmleri Enerji sistemi se\u00e7imi, intralojistikte \u00f6zellikle Toplam Sahip Olma Maliyeti (TCO) g\u00f6z \u00f6n\u00fcnde bulunduruldu\u011funda giderek \u00f6nemli bir fakt\u00f6r haline gelmi\u015ftir. Bununla beraber sadece sat\u0131n al\u0131nan ekipman\u0131n maliyeti de\u011fil, i\u015fletme maliyeti, dolay\u0131s\u0131yla enerji harcamalar\u0131 da g\u00f6z \u00f6n\u00fcnde bulundurulmal\u0131d\u0131r. Her uygulaman\u0131n kendi gereklilikleri vard\u0131r. Bunlardan baz\u0131lar\u0131: \u015earj veya yak\u0131t dolumu i\u00e7in gerekli alan,&#8230;","protected":false},"author":1,"featured_media":0,"parent":0,"menu_order":0,"comment_status":"closed","ping_status":"closed","template":"","meta":[],"_links":{"self":[{"href":"https:\/\/www.biltemak.com\/index.php?rest_route=\/wp\/v2\/pages\/1846"}],"collection":[{"href":"https:\/\/www.biltemak.com\/index.php?rest_route=\/wp\/v2\/pages"}],"about":[{"href":"https:\/\/www.biltemak.com\/index.php?rest_route=\/wp\/v2\/types\/page"}],"author":[{"embeddable":true,"href":"https:\/\/www.biltemak.com\/index.php?rest_route=\/wp\/v2\/users\/1"}],"replies":[{"embeddable":true,"href":"https:\/\/www.biltemak.com\/index.php?rest_route=%2Fwp%2Fv2%2Fcomments&post=1846"}],"version-history":[{"count":2,"href":"https:\/\/www.biltemak.com\/index.php?rest_route=\/wp\/v2\/pages\/1846\/revisions"}],"predecessor-version":[{"id":1955,"href":"https:\/\/www.biltemak.com\/index.php?rest_route=\/wp\/v2\/pages\/1846\/revisions\/1955"}],"wp:attachment":[{"href":"https:\/\/www.biltemak.com\/index.php?rest_route=%2Fwp%2Fv2%2Fmedia&parent=1846"}],"curies":[{"name":"wp","href":"https:\/\/api.w.org\/{rel}","templated":true}]}}