{"id":1842,"date":"2021-11-08T11:08:41","date_gmt":"2021-11-08T11:08:41","guid":{"rendered":"https:\/\/www.biltemak.com\/?page_id=1842"},"modified":"2022-01-31T14:36:32","modified_gmt":"2022-01-31T14:36:32","slug":"yenilenmis-makineler","status":"publish","type":"page","link":"https:\/\/www.biltemak.com\/?page_id=1842","title":{"rendered":"Yenilenmi\u015f Makineler"},"content":{"rendered":"\n<p><strong>MAK\u0130NE YEN\u0130LEME S\u00dcREC\u0130<\/strong><\/p>\n\n\n\n<p>Her t\u00fcrl\u00fc amaca uygun olarak farkl\u0131 model Biltemak Makine ve ekipmanlar\u0131 orjinal par\u00e7alar\u0131 kullanarak yeniliyor ve m\u00fc\u015fterilerimize sunuyoruz. Yenilenmi\u015f makineler Biltemak Makine uluslararas\u0131 kalite ve g\u00fcvenilirlik standartlar\u0131na uygun olarak yap\u0131lmaktad\u0131r.<\/p>\n\n\n\n<p>Bu sayede i\u015fletmelere y\u00fcksek standartlarda makine ve ekipmanlar\u0131 kullanabilme imkan\u0131 sunabilmekteyiz.<\/p>\n\n\n\n<p><strong>1. Kiral\u0131k Makineler:<\/strong><br>Biltemak Makine 2. el park\u0131m\u0131zdaki makineler uzun d\u00f6nem kiralama projelerimizde kulland\u0131\u011f\u0131m\u0131z makinelerdir ve ilk g\u00fcnden bu yana bak\u0131mlar\u0131 eksiksiz yap\u0131lm\u0131\u015ft\u0131r.<\/p>\n\n\n\n<p><strong>2. Bas\u0131n\u00e7l\u0131 Y\u0131kama:<\/strong><br>Her makine ilk kontrole girmeden \u00f6nce buharl\u0131 ve bas\u0131n\u00e7l\u0131 y\u0131kama makinesiyle detayl\u0131 bir \u015fekilde y\u0131kanarak temizlenir.<\/p>\n\n\n\n<p><strong>3. Detayl\u0131 Kontrol:<\/strong><br>Tecr\u00fcbeli teknisyenlerimiz makinenin her detay\u0131n\u0131 kontrol ederek bak\u0131m ve tamir gerektiren alanlar\u0131 tespit eder.<\/p>\n\n\n\n<p><strong>4. Emisyon ve Bas\u0131n\u00e7 Testi:<\/strong><br>Motorlu makinelerde detayl\u0131 fonksiyon testleri, emisyon testleri ve dayan\u0131m testleri en modern cihazlarla yap\u0131larak olas\u0131 problemler tespit edilir.<\/p>\n\n\n\n<p><strong>5. Ak\u00fc ve Redres\u00f6r:<\/strong><br>Elektrikli makinelerde ak\u00fcn\u00fcn durumu test edilir ve gerekiyorsa h\u00fccre yenilemesi yap\u0131l\u0131r.<\/p>\n\n\n\n<p><strong>6. Teslim \u00d6ncesi Kontroller:<\/strong><br>Makine son a\u015famada \u00e7ok noktal\u0131 bir kontrole tabi tutulur ve her makine i\u00e7in garanti sertifikas\u0131 haz\u0131rlanarak teslim an\u0131nda m\u00fc\u015fteriye takdim edilir.<\/p>\n\n\n\n<p><strong>7. Boyan\u0131n Yenilenmesi:<\/strong><br>B\u00fct\u00fcn makineler komple yeniden boyan\u0131r ve sonras\u0131nda &#8220;Yenilenmi\u015f Makine&#8221; etiketi uygun yere yap\u0131\u015ft\u0131r\u0131l\u0131r.<\/p>\n\n\n\n<p><strong>8. Yenileme S\u00fcreci:<\/strong><br>Par\u00e7alar tamir edilir ya da yenisi ile de\u011fi\u015ftirilir. Yenileme s\u00fcrecinde sadece Orijinal Biltemak Makine Par\u00e7alar\u0131 kullan\u0131l\u0131r.<\/p>\n","protected":false},"excerpt":{"rendered":"MAK\u0130NE YEN\u0130LEME S\u00dcREC\u0130 Her t\u00fcrl\u00fc amaca uygun olarak farkl\u0131 model Biltemak Makine ve ekipmanlar\u0131 orjinal par\u00e7alar\u0131 kullanarak yeniliyor ve m\u00fc\u015fterilerimize sunuyoruz. Yenilenmi\u015f makineler Biltemak Makine uluslararas\u0131 kalite ve g\u00fcvenilirlik standartlar\u0131na uygun olarak yap\u0131lmaktad\u0131r. Bu sayede i\u015fletmelere y\u00fcksek standartlarda makine ve ekipmanlar\u0131 kullanabilme imkan\u0131 sunabilmekteyiz. 1. Kiral\u0131k Makineler:Biltemak Makine 2. el park\u0131m\u0131zdaki makineler uzun d\u00f6nem kiralama&#8230;","protected":false},"author":1,"featured_media":0,"parent":0,"menu_order":0,"comment_status":"closed","ping_status":"closed","template":"","meta":[],"_links":{"self":[{"href":"https:\/\/www.biltemak.com\/index.php?rest_route=\/wp\/v2\/pages\/1842"}],"collection":[{"href":"https:\/\/www.biltemak.com\/index.php?rest_route=\/wp\/v2\/pages"}],"about":[{"href":"https:\/\/www.biltemak.com\/index.php?rest_route=\/wp\/v2\/types\/page"}],"author":[{"embeddable":true,"href":"https:\/\/www.biltemak.com\/index.php?rest_route=\/wp\/v2\/users\/1"}],"replies":[{"embeddable":true,"href":"https:\/\/www.biltemak.com\/index.php?rest_route=%2Fwp%2Fv2%2Fcomments&post=1842"}],"version-history":[{"count":2,"href":"https:\/\/www.biltemak.com\/index.php?rest_route=\/wp\/v2\/pages\/1842\/revisions"}],"predecessor-version":[{"id":1954,"href":"https:\/\/www.biltemak.com\/index.php?rest_route=\/wp\/v2\/pages\/1842\/revisions\/1954"}],"wp:attachment":[{"href":"https:\/\/www.biltemak.com\/index.php?rest_route=%2Fwp%2Fv2%2Fmedia&parent=1842"}],"curies":[{"name":"wp","href":"https:\/\/api.w.org\/{rel}","templated":true}]}}