{"id":1772,"date":"2021-11-08T10:34:30","date_gmt":"2021-11-08T10:34:30","guid":{"rendered":"https:\/\/www.biltemak.com\/?page_id=1772"},"modified":"2022-02-04T07:39:37","modified_gmt":"2022-02-04T07:39:37","slug":"kurulum-montaj","status":"publish","type":"page","link":"https:\/\/www.biltemak.com\/?page_id=1772","title":{"rendered":"Sarf Malzemeleri ve Toner Dolumu"},"content":{"rendered":"\n<p>Sarf malzeme, genellikle \u00fcretim sekt\u00f6r\u00fcnde faaliyet g\u00f6steren i\u015fletmeler taraf\u0131ndan kullanan yan malzemeler olarak nitelendirilir. Ta\u015f\u0131ma, koruma, beraber kullanma gibi ama\u00e7lar\u0131 olan sarf malzemeler barkodu bile olmayan ancak i\u015fletmelerin devaml\u0131l\u0131\u011f\u0131nda b\u00fcy\u00fck \u00f6nem ta\u015f\u0131yan malzemelerdir.<\/p>\n\n\n\n<p>Sarf malzeme giderleri genellikle \u00e7ok d\u00fc\u015f\u00fck giderlerdir ve \u00e7o\u011fu i\u015fletme taraf\u0131ndan \u00f6nemsenmeyebilirler. Ancak sarf malzeme giderlerinin iyi ayarlanamamas\u0131 i\u015fletmenin kazanc\u0131nda ciddi d\u00fc\u015f\u00fc\u015f ya\u015famas\u0131na sebep olabilir. K\u00e2\u011f\u0131t, koli, kutu, bant gibi malzemelerin hepsi sarf malzeme olarak kabul edilir.<\/p>\n\n\n\n<p>Sarf malzeme \u00fcretim sekt\u00f6r\u00fc ba\u015fta gelmek \u00fczere pek \u00e7ok farkl\u0131 alanda kullan\u0131lan malzemelerin b\u00fct\u00fcn\u00fcd\u00fcr. \u00dcretim i\u015fletmelerinde \u00fcretilen malzemenin kalitesini belirleyen ve ham maddeye ek olarak kullan\u0131lan b\u00fct\u00fcn malzemeler sarf malzemesi olarak adland\u0131r\u0131l\u0131r. \u0130\u015fletmelerin hangi sekt\u00f6rde faaliyet g\u00f6sterdi\u011fi, o alanda kullan\u0131lmas\u0131 gereken sarf malzemelerinde de\u011fi\u015fiklik olmas\u0131na sebep olur.<\/p>\n\n\n\n<p><strong>\u00a0Sarf Malzeme \u00c7e\u015fitleri ve \u00d6rnekleri Nelerdir?<\/strong><\/p>\n\n\n\n<p>Farkl\u0131 sekt\u00f6rler farkl\u0131 sarf malzeme gereksinimi g\u00f6sterir. \u00d6rne\u011fin elektrik sekt\u00f6r\u00fcnde kullan\u0131lan sarf malzemeleri; kablo pabucu, bant, konnekt\u00f6r, vida, ba\u011flant\u0131 ekipmanlar\u0131, d\u00fcbel, kro\u015fe, el aletleri ve el feneri olarak s\u0131ralanabilir. Par\u00e7alar\u0131 birle\u015ftirme, montajda kolayl\u0131k sa\u011flama, ta\u015f\u0131ma ve cihazlar\u0131 sabitlemede sarf malzemeleri i\u015fletmelere ciddi kolayl\u0131k sa\u011flar. Teker, karton, koli, bant ve ka\u011f\u0131t gibi malzemeler de sarf malzeme listesinde dahil edilir.<\/p>\n\n\n\n<p>Temizlik ve K\u0131rtasiye \u00fcr\u00fcn gam\u0131nda sarf malzemeleriniz i\u015fyerinize zaman\u0131nda teslim edilmek ko\u015fuluyla, hizmet yelpazemizi geni\u015fletmi\u015f bulunuyoruz.<\/p>\n\n\n\n<figure class=\"wp-block-image size-large\"><img decoding=\"async\" loading=\"lazy\" width=\"938\" height=\"737\" src=\"https:\/\/www.biltemak.com\/wp-content\/uploads\/2022\/02\/image-1.png\" alt=\"\" class=\"wp-image-2050\" srcset=\"https:\/\/www.biltemak.com\/wp-content\/uploads\/2022\/02\/image-1.png 938w, https:\/\/www.biltemak.com\/wp-content\/uploads\/2022\/02\/image-1-300x236.png 300w, https:\/\/www.biltemak.com\/wp-content\/uploads\/2022\/02\/image-1-768x603.png 768w, https:\/\/www.biltemak.com\/wp-content\/uploads\/2022\/02\/image-1-600x471.png 600w\" sizes=\"(max-width: 938px) 100vw, 938px\" \/><\/figure>\n\n\n\n<ul><li><strong>TONER DOLUMU:<\/strong><\/li><\/ul>\n\n\n\n<p>Toner dolumu, lazer yaz\u0131c\u0131lar\u0131n sarf t\u00fcketim malzemesi toner kartu\u015f bitti\u011finde orjinal tonere e\u015fde\u011ferde olacak \u015fekilde yenilenmesi i\u015flemidir. Geri d\u00f6n\u00fc\u015f\u00fcm olarak ta adland\u0131r\u0131lan bu i\u015flem, hakk\u0131yla yap\u0131ld\u0131\u011f\u0131 takdirde yaz\u0131c\u0131lara tam uyumlu olarak sorunsuz bir \u015fekilde \u00e7al\u0131\u015fmaktad\u0131r. \u00dclkemiz, toner dolum i\u015flemini yapacak yeterli teknik donan\u0131ma, yenileme i\u015fleminde kullan\u0131lan yedek par\u00e7alara ve yeti\u015fmi\u015f uzman personele sahiptir.<\/p>\n\n\n\n<p>Toner dolumu, orjinal toner fiyatlar\u0131n\u0131n neredeyse yaz\u0131c\u0131 fiyatlar\u0131na denk olmas\u0131 nedeniyle alternatif bir yol olarak do\u011fmu\u015ftur. S\u00fcrekli orjinal toner kullanmak bask\u0131 maliyetlerini hayli art\u0131rmakta, i\u015fletmelerin giderlerine b\u00fcy\u00fck y\u00fck getirmektedir. Geri d\u00f6n\u00fc\u015f\u00fcm ile sadece ciddi tasarruf etmekle kalmay\u0131p ayn\u0131 zamanda do\u011fay\u0131 koruyarak yar\u0131nlar\u0131m\u0131za daha ye\u015fil bir gelecek b\u0131rakm\u0131\u015f oluyoruz. Tabi birde y\u00fcksek maliyetli orjinal toner ithalat\u0131 ile olu\u015facak cari a\u00e7\u0131\u011f\u0131 d\u00fc\u015f\u00fcrerek \u00fclke ekonomisine de b\u00fcy\u00fck yarar sa\u011flanm\u0131\u015f oluyoruz. \u0130\u015fte bu nedenlerle \u00f6zendirilen ve te\u015fvik edilen geri d\u00f6n\u00fc\u015f\u00fcm bug\u00fcn \u00f6zellikle bat\u0131l\u0131 \u00fclkelerde hassaten Avrupa k\u0131tas\u0131nda b\u00fcy\u00fck bir sekt\u00f6r haline gelmi\u015ftir. \u00d6yle ki, marka haline gelen sertifikal\u0131 geri d\u00f6n\u00fc\u015f\u00fcm \u00fcr\u00fcnleri gerek Amerika\u2019da gerek Avrupa\u2019da b\u00fcy\u00fck talep g\u00f6rmektedir.<\/p>\n\n\n\n<p>T\u00fcketicinin bilin\u00e7lenmesiyle birlikte, \u00fclkemizde de toner dolumu hayli yayg\u0131nla\u015fm\u0131\u015ft\u0131r. Gerek ev kullan\u0131c\u0131lar\u0131 gerekse firmalar toner dolum yapt\u0131rarak bask\u0131 maliyetlerini ciddi oranlarda d\u00fc\u015f\u00fcrmektedirler.<\/p>\n\n\n\n<figure class=\"wp-block-image size-large\"><img decoding=\"async\" loading=\"lazy\" width=\"782\" height=\"639\" src=\"https:\/\/www.biltemak.com\/wp-content\/uploads\/2022\/02\/image-2.png\" alt=\"\" class=\"wp-image-2052\" srcset=\"https:\/\/www.biltemak.com\/wp-content\/uploads\/2022\/02\/image-2.png 782w, https:\/\/www.biltemak.com\/wp-content\/uploads\/2022\/02\/image-2-300x245.png 300w, https:\/\/www.biltemak.com\/wp-content\/uploads\/2022\/02\/image-2-768x628.png 768w, https:\/\/www.biltemak.com\/wp-content\/uploads\/2022\/02\/image-2-600x490.png 600w\" sizes=\"(max-width: 782px) 100vw, 782px\" \/><\/figure>\n\n\n\n<h2 class=\"wp-block-heading\"><strong>Orjinal Toner mi, Toner Dolumu mu?<\/strong><\/h2>\n\n\n\n<p>S\u0131k\u00e7a sorulan sorulardan biri budur;&nbsp;<strong>orjinal toner<\/strong>&nbsp;mi yoksa&nbsp;<strong>toner dolumu<\/strong>&nbsp;mu tercih etmeliyim? Bu sorunun cevab\u0131 kullan\u0131m amac\u0131na g\u00f6re de\u011fi\u015fir. Bazen orjinal toner, yerine g\u00f6re toner dolumu tercih edilmelidir. \u00d6zellikle foto\u011fraf bask\u0131lar\u0131 ve ayd\u0131nger \u00e7\u0131kt\u0131lar\u0131 i\u00e7in orjinal toner kullan\u0131lmas\u0131n\u0131 tavsiye ederiz. \u00c7\u00fcnk\u00fc, toner dolum i\u015fleminde azda olsa mutlaka kay\u0131plar olu\u015fur ve bu kay\u0131plar foto\u011fraf bask\u0131lar\u0131 ile ayd\u0131nger \u00e7\u0131kt\u0131lar\u0131nda \u00e7ok \u00e7ok \u00f6nem az eder. Ancak, evlerimizde ve ya ofislerimizde A4 ya da A3 k\u00e2\u011f\u0131tlar\u0131na alm\u0131\u015f oldu\u011fumuz \u00e7\u0131kt\u0131larda bu bask\u0131 kay\u0131plar\u0131 katiyetle fark edilemez. Hatta, donan\u0131ml\u0131 bir firmada usta bir ekibin tezgah\u0131ndan ge\u00e7en bir toner yaz\u0131c\u0131ya tak\u0131ld\u0131\u011f\u0131nda, \u201cAaa! Bu toner orjinal tonerden de daha iyi \u00e7\u0131kt\u0131 veriyor\u201d \u015fa\u015fk\u0131nl\u0131k ifadesini s\u0131k\u00e7a duyar\u0131z.<\/p>\n\n\n\n<figure class=\"wp-block-image size-large\"><img decoding=\"async\" loading=\"lazy\" width=\"960\" height=\"592\" src=\"https:\/\/www.biltemak.com\/wp-content\/uploads\/2022\/02\/image-3.png\" alt=\"\" class=\"wp-image-2053\" srcset=\"https:\/\/www.biltemak.com\/wp-content\/uploads\/2022\/02\/image-3.png 960w, https:\/\/www.biltemak.com\/wp-content\/uploads\/2022\/02\/image-3-300x185.png 300w, https:\/\/www.biltemak.com\/wp-content\/uploads\/2022\/02\/image-3-768x474.png 768w, https:\/\/www.biltemak.com\/wp-content\/uploads\/2022\/02\/image-3-600x370.png 600w\" sizes=\"(max-width: 960px) 100vw, 960px\" \/><\/figure>\n\n\n\n<h4 class=\"wp-block-heading\"><strong>Toner Dolumu Nas\u0131l Yap\u0131l\u0131r?<\/strong><\/h4>\n\n\n\n<p>\u00d6ncelikle \u015funu ifade edelim, toner dolumu i\u015fi bir sanatt\u0131r i\u015fi sanatk\u00e2ra b\u0131rakmak en ideal yoldur. Toner, genellikle b\u00fct\u00fcnle\u015fik iki b\u00f6l\u00fcmden olu\u015fur. Birinci b\u00f6l\u00fcm,&nbsp;<strong>Dolum Haznesi<\/strong>&nbsp;(toner powder),&nbsp;<strong>Manyetik<\/strong>&nbsp;(magnetic roller) ya da&nbsp;<strong>Merdane<\/strong>&nbsp;(develop roller) ve&nbsp;<strong>\u00dcst B\u0131\u00e7ak<\/strong>&nbsp;(doktor blade) \u2018tan m\u00fcte\u015fekkildir. \u0130kinci b\u00f6l\u00fcm ise,&nbsp;<strong>At\u0131k Haznesi<\/strong>&nbsp;( waste powder),&nbsp;<strong>Drum<\/strong>&nbsp;(opc drum),&nbsp;<strong>Pcr<\/strong>&nbsp;(primary charge roller) ve&nbsp;<strong>Alt B\u0131\u00e7ak<\/strong>&nbsp;(wiper blade) \u2018tan m\u00fcte\u015fekkildir. Baz\u0131 yaz\u0131c\u0131larda ikinci b\u00f6l\u00fcm yani&nbsp;<em>Drum \u00dcnitesi<\/em>&nbsp;(g\u00f6r\u00fcnt\u00fcleme tamburu) ayr\u0131 olup yaz\u0131c\u0131ya b\u00fct\u00fcnle\u015fiktir. Baz\u0131 yaz\u0131c\u0131larda ise&nbsp;<em>Toner Kartu\u015fu,<\/em>&nbsp;<em>Drum \u00dcnitesi<\/em>&nbsp;ve&nbsp;<em>At\u0131k Toner Kutusu<\/em>&nbsp;ayr\u0131 ayr\u0131 konumland\u0131r\u0131lm\u0131\u015ft\u0131r. Bask\u0131 maliyetlerin uygun olmas\u0131 i\u00e7in yaz\u0131c\u0131 sat\u0131n al\u0131rken drum \u00fcnitesi ayr\u0131 olanlar\u0131n de\u011fil de toner dolum ve at\u0131k b\u00f6l\u00fcmleri b\u00fct\u00fcnle\u015fik olan kullan\u0131c\u0131 dostu lazer yaz\u0131c\u0131lar\u0131n tercih edilmesini tavsiye ederiz.<\/p>\n\n\n\n<p>Lazer yaz\u0131c\u0131 ile birlikte gelen tonerler demo (<strong>demo toner<\/strong>) oldu\u011fundan tam dolu olmay\u0131p az \u00e7\u0131kt\u0131 verirler. Dolay\u0131s\u0131yla, h\u0131zla bitmektedirler. Baz\u0131lar\u0131 hari\u00e7 t\u00fcm demo tonerlere tam kapasite dolum yap\u0131labilmektedir. Baz\u0131 brother tonerlerin demo versiyonlar\u0131na kurma kolu dedi\u011fimiz reset \u00e7ark\u0131 bulunmamas\u0131 nedeniyle dolum yap\u0131lamaz. Baz\u0131 oki tonerlerin ise demo versiyonlar\u0131n\u0131n chip yuvalar\u0131 bulunmad\u0131\u011f\u0131ndan dolum yap\u0131lamaz. Birde, baz\u0131 hp, canon tonerlerin demo versiyonlar\u0131n\u0131n dolum hazneleri normalden dar oldu\u011fu i\u00e7in tam kapasite dolum yap\u0131lamaz.<\/p>\n\n\n\n<p>E\u011fer lazer yaz\u0131c\u0131n\u0131z siyah beyaz ise bir adet, renkli ise i\u00e7erisinde d\u00f6rt adet toner mevcuttur. Renkli tonerler <strong>CMYK<\/strong> (b\u00fct\u00fcn renkler Mavi, K\u0131rm\u0131z\u0131, Sar\u0131, Siyah tonerlerin kar\u0131\u015f\u0131m\u0131nda elde edilir) olarak \u00e7al\u0131\u015ft\u0131\u011f\u0131 i\u00e7in senkronize olup genelde e\u015f zamanl\u0131 olarak t\u00fckenmektedir. Ekranda herhangi bir rengin bitti\u011fi uyar\u0131s\u0131 \u00e7\u0131kt\u0131\u011f\u0131nda di\u011fer renkler de ya bitmi\u015ftir ya da doluluk oranlar\u0131 hemen hemen bitmeye yak\u0131nd\u0131r. Biten tonerler doldurularak tekrar kullan\u0131ma haz\u0131r hale getirilir.<\/p>\n\n\n\n<p><strong>Toner dolumu<\/strong>&nbsp;i\u015flemi yap\u0131l\u0131rken \u00f6ncelikle, orjinal toner nas\u0131l monte edilmi\u015fse biten bo\u015f toner ayn\u0131 yolun tersi izlenerek demonte edilmeli, toner katiyetle delinmeden ya da kesilmeden par\u00e7alar\u0131na ayr\u0131lmal\u0131d\u0131r! Tonerin hem dolum hem de at\u0131k haznesi ve de demonte edilen par\u00e7alar\u0131 kompres\u00f6rl\u00fc ve vakumlu hava makinas\u0131 yard\u0131m\u0131yla tamamen temizlenmelidir. Toner temizli\u011fi yap\u0131l\u0131rken mutlaka maske kullan\u0131lmal\u0131d\u0131r. Maske, 0.2 micron toner tozu par\u00e7ac\u0131klar\u0131ndan korunmaya uygun se\u00e7ilmelidir. \u00c7ok fazla kimyasaldan m\u00fcte\u015fekkil toner tozlar\u0131n\u0131n yap\u0131lar\u0131 tamamen birbirlerinden farkl\u0131d\u0131r. Dolay\u0131s\u0131yla dolum haznesi tamamen temizlenmeden asla \u00fcst \u00fcste toner dolumu yap\u0131lmamal\u0131d\u0131r. \u00d6te yandan, e\u011fer at\u0131k hazne de tamamen temizlenmese bu defa da at\u0131k toner ta\u015farak yaz\u0131c\u0131 i\u00e7erisine akar ve yaz\u0131c\u0131ya zarar verir.<\/p>\n\n\n\n<h4 class=\"wp-block-heading\"><strong>Toner Dolumu yaz\u0131c\u0131ya zarar verir mi?<\/strong><\/h4>\n\n\n\n<p>Hay\u0131r. Talimatlara uygun yap\u0131lan toner dolumu yaz\u0131c\u0131n\u0131za asla zarar vermez. Bat\u0131l\u0131 \u00fclkeler, do\u011fay\u0131 korumak ama\u00e7l\u0131 geri d\u00f6n\u00fc\u015f\u00fcm\u00fc te\u015fvik i\u00e7in toner kartu\u015f dolum i\u015flemini desteklemektedirler. Anlams\u0131z bir bi\u00e7imde \u00fclkemizde bazen t\u00fcketicilerden toner dolumu yaz\u0131c\u0131ma zarar verir mi sorular\u0131 al\u0131yor, \u015fa\u015f\u0131r\u0131yoruz! Anlad\u0131\u011f\u0131m\u0131z kadar\u0131yla, orjinal yaz\u0131c\u0131 servisleri t\u00fcketicileri bu nevi c\u00fcmlelerle orjinal toner al\u0131m\u0131na y\u00f6nlendirmek istiyorlar. Her lazer yaz\u0131c\u0131n\u0131n belli periyotlarla bak\u0131m\u0131 yap\u0131lmal\u0131, belirli say\u0131daki bask\u0131dan sonra \u00f6mr\u00fc biten baz\u0131 par\u00e7alar\u0131 de\u011fi\u015fmelidir. Orjinal toner kullan\u0131lsa da bu b\u00f6yledir, toner dolum yap\u0131lsa da b\u00f6yledir.<\/p>\n\n\n\n<h4 class=\"wp-block-heading\"><strong>Toner Dolumu nerede yap\u0131l\u0131r?<\/strong><\/h4>\n\n\n\n<p><em>Toner dolumu<\/em>&nbsp;yapt\u0131rmaya karar karar verdiniz, piyasada \u00e7ok\u00e7a firma var, fiyatlar ise pek de\u011fi\u015fken, bunlardan hangisini tercih etmeliyim diye d\u00fc\u015f\u00fcn\u00fcyorsan\u0131z; Ne kadar ekmek o kadar k\u00f6fte kural\u0131 sat\u0131n al\u0131nan her \u00fcr\u00fcnde ge\u00e7erlidir ancak toner dolumun da bu durum \u00e7ok daha hissedilir bir vaziyettedir. Dikkat! Edelim; haz\u0131r olan bir \u00fcr\u00fcn \u00fczerinden pazarl\u0131k edilmiyor fiyat\u0131 belli i\u015flem sonradan yap\u0131l\u0131yor! Her \u015fey dolum yapan yerin vicdan\u0131na kalm\u0131\u015f vaziyettedir! Hangi kalitede yedek par\u00e7a kullan\u0131lacak, hangi kalitede ne kadar toner tozu kullan\u0131lacak bunlar fiyatla do\u011fru orant\u0131l\u0131 \u015feylerdir. \u00d6nerimiz toner dolumu yapt\u0131r\u0131lacak firma tercihinde fiyattan ziyade kaliteye \u00f6zen g\u00f6sterilmesidir. Kaliteli bir \u00fcr\u00fcn\u00fcn maliyeti her zaman daha d\u00fc\u015f\u00fckt\u00fcr. \u0130lk etapta fazla para \u00f6demi\u015f gibi g\u00f6z\u00fckseniz de kullan\u0131m parametreleri detayl\u0131ca irdelendi\u011finde pratikte daha uyguna alm\u0131\u015f olursunuz. Di\u011fer yandan, hem zaman kayb\u0131n\u0131z olmaz hem de g\u00fcvenilir bir firman\u0131n garantili hizmetiyle ba\u015f\u0131n\u0131z\u0131 a\u011fr\u0131tacak bir durumla kar\u015f\u0131la\u015fmazs\u0131n\u0131z.<\/p>\n\n\n\n<h4 class=\"wp-block-heading\"><strong>Toner en fazla ka\u00e7 defa doldurulabilir?<\/strong><\/h4>\n\n\n\n<p>Bir tonere sonsuz defa dolum yap\u0131lamaz. Tonerin drum, prc, manyetik, merdane, b\u0131\u00e7ak gibi par\u00e7alar\u0131 toner kullan\u0131ld\u0131k\u00e7a y\u0131pranmaktad\u0131r. Her toner dolum i\u015fleminde y\u0131pranan ve verimlili\u011fini kaybeden bu par\u00e7alar yenisi ile de\u011fi\u015ftirilerek toner yenilenir. Ancak, bu s\u00fcre\u00e7te tonerin kasas\u0131 ve di\u011fer elemanlar\u0131 da tabiki y\u0131pranmaktad\u0131r. Nihayetinde, e\u011fer standartlara uygun toner dolum i\u015flemi yap\u0131l\u0131rsa bir toner 5 ila 10 aras\u0131nda dolum yap\u0131labilir. Sonras\u0131nda muadil ya da orjinal yeni bir toner al\u0131narak d\u00f6ng\u00fc ba\u015fa al\u0131nm\u0131\u015f olur.<\/p>\n\n\n\n<h4 class=\"wp-block-heading\"><strong>Toner Dolum fiyatlar\u0131<\/strong><\/h4>\n\n\n\n<p><strong>Toner dolum fiyatlar\u0131<\/strong>&nbsp;tonerin markas\u0131, modeli, renkli ya da siyah beyaz olmas\u0131 ve de kapasitesi ile ba\u011flant\u0131l\u0131d\u0131r. Hp, Canon, Brother gibi markalar\u0131n toner dolum maliyetleri daha makuld\u00fcr. Samsun, Xerox, Lexmark marka tonerlerin dolum fiyatlar\u0131 chip maliyetleri nedeniyle y\u00fcksektir. Renkli toner dolum fiyatlar\u0131 hem chip hem de toner tozu maliyetleri nedeniyle siyah beyaz tonerlere g\u00f6re daha y\u00fcksektir. E\u011fer pek renkli \u00e7\u0131kt\u0131 al\u0131nmayacaksa ya da a\u011f\u0131rl\u0131kl\u0131 olarak siyah beyaz \u00e7\u0131kt\u0131 al\u0131nacaksa lazer yaz\u0131c\u0131 sat\u0131n al\u0131n\u0131rken mono lazer yaz\u0131c\u0131 tercih edilmesi toner maliyetleri a\u00e7\u0131s\u0131ndan tavsiyemizdir. Yeni yaz\u0131c\u0131 al\u0131rken y\u00fcksek maliyetli toner dolumu ile kar\u015f\u0131la\u015fmamak i\u00e7in dikkatli olmal\u0131 uzman ki\u015filerden bu konuda destek al\u0131nmal\u0131d\u0131r.<\/p>\n\n\n\n<p><\/p>\n\n\n\n<figure class=\"wp-block-image size-large\"><img decoding=\"async\" loading=\"lazy\" width=\"886\" height=\"545\" src=\"https:\/\/www.biltemak.com\/wp-content\/uploads\/2022\/02\/image-4.png\" alt=\"\" class=\"wp-image-2054\" srcset=\"https:\/\/www.biltemak.com\/wp-content\/uploads\/2022\/02\/image-4.png 886w, https:\/\/www.biltemak.com\/wp-content\/uploads\/2022\/02\/image-4-300x185.png 300w, https:\/\/www.biltemak.com\/wp-content\/uploads\/2022\/02\/image-4-768x472.png 768w, https:\/\/www.biltemak.com\/wp-content\/uploads\/2022\/02\/image-4-600x369.png 600w\" sizes=\"(max-width: 886px) 100vw, 886px\" \/><\/figure>\n\n\n\n<p>Toner dolumu uygun olan yaz\u0131c\u0131 hangisi? Fonksiyonel mi olacak, siyah\/beyaz m\u0131 yoksa renkli mi olacak, wifi yada lan ile a\u011f ba\u011flant\u0131s\u0131 olacak m\u0131, ayda ka\u00e7 sayfa \u00e7\u0131kt\u0131 alacaks\u0131n\u0131z gibi ihtiyaca g\u00f6re lazer yaz\u0131c\u0131 sat\u0131n al\u0131rken dikkat edilmesi gereken parametrelerden biri, bize g\u00f6re en \u00f6nemlisi o yaz\u0131c\u0131n\u0131n kulland\u0131\u011f\u0131 toner kartu\u015f olmal\u0131d\u0131r. Zira, baz\u0131 lazer yaz\u0131c\u0131lar\u0131 toner dolumu bask\u0131 maliyetleri ba\u011flam\u0131nda ideal de\u011fildir. Toner kartu\u015f parametresi ihmal edilerek al\u0131nan yaz\u0131c\u0131y\u0131 daha sonra pasif edilip toner kartu\u015f maliyeti uygun yaz\u0131c\u0131 almak istemiyorsak, lazer yaz\u0131c\u0131 almadan evvel hangi yaz\u0131c\u0131y\u0131 almal\u0131y\u0131m sorusunu etrafl\u0131ca irdelemeli sonra al\u0131\u015fveri\u015f yap\u0131lmal\u0131d\u0131r. Yaz\u0131c\u0131 tavsiyesi i\u00e7in yaz\u0131c\u0131 sarf malzeme tedarik\u00e7i firman\u0131zdan destek alabilir yada ileti\u015fim bilgilerinden bizi arayarak \u00fccretsiz bilgi edinebilirsiniz.&nbsp;<\/p>\n","protected":false},"excerpt":{"rendered":"Sarf malzeme, genellikle \u00fcretim sekt\u00f6r\u00fcnde faaliyet g\u00f6steren i\u015fletmeler taraf\u0131ndan kullanan yan malzemeler olarak nitelendirilir. Ta\u015f\u0131ma, koruma, beraber kullanma gibi ama\u00e7lar\u0131 olan sarf malzemeler barkodu bile olmayan ancak i\u015fletmelerin devaml\u0131l\u0131\u011f\u0131nda b\u00fcy\u00fck \u00f6nem ta\u015f\u0131yan malzemelerdir. Sarf malzeme giderleri genellikle \u00e7ok d\u00fc\u015f\u00fck giderlerdir ve \u00e7o\u011fu i\u015fletme taraf\u0131ndan \u00f6nemsenmeyebilirler. Ancak sarf malzeme giderlerinin iyi ayarlanamamas\u0131 i\u015fletmenin kazanc\u0131nda ciddi d\u00fc\u015f\u00fc\u015f&#8230;","protected":false},"author":1,"featured_media":0,"parent":0,"menu_order":0,"comment_status":"closed","ping_status":"closed","template":"","meta":[],"_links":{"self":[{"href":"https:\/\/www.biltemak.com\/index.php?rest_route=\/wp\/v2\/pages\/1772"}],"collection":[{"href":"https:\/\/www.biltemak.com\/index.php?rest_route=\/wp\/v2\/pages"}],"about":[{"href":"https:\/\/www.biltemak.com\/index.php?rest_route=\/wp\/v2\/types\/page"}],"author":[{"embeddable":true,"href":"https:\/\/www.biltemak.com\/index.php?rest_route=\/wp\/v2\/users\/1"}],"replies":[{"embeddable":true,"href":"https:\/\/www.biltemak.com\/index.php?rest_route=%2Fwp%2Fv2%2Fcomments&post=1772"}],"version-history":[{"count":6,"href":"https:\/\/www.biltemak.com\/index.php?rest_route=\/wp\/v2\/pages\/1772\/revisions"}],"predecessor-version":[{"id":2080,"href":"https:\/\/www.biltemak.com\/index.php?rest_route=\/wp\/v2\/pages\/1772\/revisions\/2080"}],"wp:attachment":[{"href":"https:\/\/www.biltemak.com\/index.php?rest_route=%2Fwp%2Fv2%2Fmedia&parent=1772"}],"curies":[{"name":"wp","href":"https:\/\/api.w.org\/{rel}","templated":true}]}}