{"id":1765,"date":"2021-11-08T10:32:10","date_gmt":"2021-11-08T10:32:10","guid":{"rendered":"https:\/\/www.biltemak.com\/?page_id=1765"},"modified":"2022-02-04T07:22:34","modified_gmt":"2022-02-04T07:22:34","slug":"uygulama-muhendisligi","status":"publish","type":"page","link":"https:\/\/www.biltemak.com\/?page_id=1765","title":{"rendered":"Makine Teknolojileri"},"content":{"rendered":"\n<p>T\u00fcrkiye\u2019nin 2023 hedeflerini ger\u00e7ekle\u015ftirmesi, katma de\u011feri y\u00fcksek \u00fcr\u00fcnler \u00fcretebilmesi, dijital d\u00f6n\u00fc\u015f\u00fcm\u00fc yakalayabilmesi ve s\u00fcrd\u00fcr\u00fclebilmesi i\u00e7in Makina Teknolojisi Departman\u0131m\u0131z,\u00a0 sahip oldu\u011fu m\u00fchendislik yetene\u011fi ve kalifiye i\u015f g\u00fcc\u00fc ile End\u00fcstri 4.0 d\u00f6n\u00fc\u015f\u00fcm\u00fcne haz\u0131rl\u0131k yap\u0131yor.<\/p>\n\n\n\n<figure class=\"wp-block-image size-large\"><img decoding=\"async\" loading=\"lazy\" width=\"960\" height=\"646\" src=\"https:\/\/www.biltemak.com\/wp-content\/uploads\/2022\/02\/image-9.png\" alt=\"\" class=\"wp-image-2063\" srcset=\"https:\/\/www.biltemak.com\/wp-content\/uploads\/2022\/02\/image-9.png 960w, https:\/\/www.biltemak.com\/wp-content\/uploads\/2022\/02\/image-9-300x202.png 300w, https:\/\/www.biltemak.com\/wp-content\/uploads\/2022\/02\/image-9-768x517.png 768w, https:\/\/www.biltemak.com\/wp-content\/uploads\/2022\/02\/image-9-600x404.png 600w\" sizes=\"(max-width: 960px) 100vw, 960px\" \/><\/figure>\n\n\n\n<p><strong>Makina<\/strong> <strong>Teknolojisi Departman\u0131m\u0131z<\/strong>, m\u00fc\u015fteri verimlili\u011fini, k\u00e2rl\u0131l\u0131\u011f\u0131n\u0131 ve i\u015f g\u00fcvenli\u011fini art\u0131rmaya y\u00f6nelik hedefleri ve \u00e7al\u0131\u015fanlar\u0131yla ileri teknoloji \u00fcreten bir m\u00fchendislik grubudur. M\u00fc\u015fterilerinin yan\u0131 s\u0131ra \u00e7al\u0131\u015fanlar\u0131, i\u015f ortaklar\u0131 ve \u00fclke ekonomisi i\u00e7in sekt\u00f6r\u00fcnde \u00f6nce b\u00f6lgesel, yak\u0131n bir zamanda ise k\u00fcresel bir oyuncu olma hedefiyle \u00e7al\u0131\u015fmalar\u0131na devam ediyor.<\/p>\n\n\n\n<p>\u0130\u015fletmenize ait makinelerinizin kurulum, Teknik Bak\u0131m, Ar\u0131za, Yedek par\u00e7a ve aksesuar, ihtiya\u00e7lar\u0131n\u0131 kar\u015f\u0131lamak amac\u0131 ile \u00dcr\u00fcn Sat\u0131\u015f, Teknik Destek, Ar\u0131za Onar\u0131m ve Yedek Par\u00e7a Sat\u0131\u015flar\u0131n\u0131 ger\u00e7ekle\u015ftirmektedir.<\/p>\n","protected":false},"excerpt":{"rendered":"T\u00fcrkiye\u2019nin 2023 hedeflerini ger\u00e7ekle\u015ftirmesi, katma de\u011feri y\u00fcksek \u00fcr\u00fcnler \u00fcretebilmesi, dijital d\u00f6n\u00fc\u015f\u00fcm\u00fc yakalayabilmesi ve s\u00fcrd\u00fcr\u00fclebilmesi i\u00e7in Makina Teknolojisi Departman\u0131m\u0131z,\u00a0 sahip oldu\u011fu m\u00fchendislik yetene\u011fi ve kalifiye i\u015f g\u00fcc\u00fc ile End\u00fcstri 4.0 d\u00f6n\u00fc\u015f\u00fcm\u00fcne haz\u0131rl\u0131k yap\u0131yor. Makina Teknolojisi Departman\u0131m\u0131z, m\u00fc\u015fteri verimlili\u011fini, k\u00e2rl\u0131l\u0131\u011f\u0131n\u0131 ve i\u015f g\u00fcvenli\u011fini art\u0131rmaya y\u00f6nelik hedefleri ve \u00e7al\u0131\u015fanlar\u0131yla ileri teknoloji \u00fcreten bir m\u00fchendislik grubudur. M\u00fc\u015fterilerinin yan\u0131 s\u0131ra&#8230;","protected":false},"author":1,"featured_media":0,"parent":0,"menu_order":0,"comment_status":"closed","ping_status":"closed","template":"","meta":[],"_links":{"self":[{"href":"https:\/\/www.biltemak.com\/index.php?rest_route=\/wp\/v2\/pages\/1765"}],"collection":[{"href":"https:\/\/www.biltemak.com\/index.php?rest_route=\/wp\/v2\/pages"}],"about":[{"href":"https:\/\/www.biltemak.com\/index.php?rest_route=\/wp\/v2\/types\/page"}],"author":[{"embeddable":true,"href":"https:\/\/www.biltemak.com\/index.php?rest_route=\/wp\/v2\/users\/1"}],"replies":[{"embeddable":true,"href":"https:\/\/www.biltemak.com\/index.php?rest_route=%2Fwp%2Fv2%2Fcomments&post=1765"}],"version-history":[{"count":3,"href":"https:\/\/www.biltemak.com\/index.php?rest_route=\/wp\/v2\/pages\/1765\/revisions"}],"predecessor-version":[{"id":2065,"href":"https:\/\/www.biltemak.com\/index.php?rest_route=\/wp\/v2\/pages\/1765\/revisions\/2065"}],"wp:attachment":[{"href":"https:\/\/www.biltemak.com\/index.php?rest_route=%2Fwp%2Fv2%2Fmedia&parent=1765"}],"curies":[{"name":"wp","href":"https:\/\/api.w.org\/{rel}","templated":true}]}}