{"id":1743,"date":"2021-11-08T09:16:52","date_gmt":"2021-11-08T09:16:52","guid":{"rendered":"https:\/\/www.biltemak.com\/?page_id=1743"},"modified":"2025-05-02T13:51:02","modified_gmt":"2025-05-02T13:51:02","slug":"hakkimizda","status":"publish","type":"page","link":"https:\/\/www.biltemak.com\/?page_id=1743","title":{"rendered":"Hakk\u0131m\u0131zda"},"content":{"rendered":"\n<p>B\u0130LTEMAK GRUP B\u0130L\u0130\u015e\u0130M TEM\u0130ZL\u0130K MAK\u0130NE SAN. VE T\u0130C. LTD. \u015eT\u0130. \u00fcretim olanaklar\u0131, teknolojik donan\u0131m\u0131, bilgi birikim ve deneyimini \u00fclkemiz ve d\u00fcnya sanayisinin hizmetine sunmak \u00fczere kurulmu\u015ftur.<\/p>\n\n\n\n<p>B\u0130LTEMAK GRUP; gen\u00e7, dinamik ve umut vaat eden bir firma olmas\u0131yla birlikte \u00e7\u00f6z\u00fcm ortaklar\u0131yla 15 y\u0131l\u0131 a\u015fk\u0131n s\u00fcredir Bili\u015fim Teknolojileri, Temizlik Malzemeleri, Makine Teknolojileri, Sarf Malzemeleri ve Toner Dolumu ile \u00a0sekt\u00f6r\u00fcndeki engin tecr\u00fcbesine istinaden dinamik ve s\u0131rad\u0131\u015f\u0131 yetkin ekibi ile i\u00e7 ve d\u0131\u015f pazardaki sekt\u00f6r\u00fcn ihtiya\u00e7lar\u0131na en g\u00fcvenilir \u015fekilde cevap vermektedir.<\/p>\n\n\n\n<p>Bu do\u011frultuda B\u0130LTEMAK GRUP\u2019 un temel politikas\u0131 \u201c<em>y\u00fcksek kaliteyi, k\u0131sa zamanda en uygun fiyata<\/em>\u201d d\u00fcnyadaki \u00f6nc\u00fcl teknolojileri g\u00f6zeterek sa\u011flamas\u0131d\u0131r.<\/p>\n\n\n\n<p>Makine sat\u0131\u015f\u0131n\u0131n yan\u0131 s\u0131ra, kiralama ve 2. el sat\u0131\u015f konusunda da hizmet veren B\u0130LTEMAK GRUP &#8216;in rakiplerinden ayr\u0131\u015fmas\u0131n\u0131 sa\u011flayan bir di\u011fer unsur da sat\u0131\u015f sonras\u0131 hizmet anlay\u0131\u015f\u0131d\u0131r.<\/p>\n\n\n\n<p>Geni\u015f \u00fcr\u00fcn yelpazesi ile B\u0130LTEMAK GRUP &nbsp;faaliyet g\u00f6sterdi\u011fi her alanda, nitelikli markalarla g\u00fcc\u00fcne g\u00fc\u00e7 katmaya devam edecektir.<\/p>\n\n\n\n<figure class=\"wp-block-image size-large\"><img decoding=\"async\" loading=\"lazy\" width=\"1024\" height=\"200\" src=\"https:\/\/www.biltemak.com\/wp-content\/uploads\/2022\/02\/biltemak-logo-2-1024x200.jpeg\" alt=\"\" class=\"wp-image-2123\" srcset=\"https:\/\/www.biltemak.com\/wp-content\/uploads\/2022\/02\/biltemak-logo-2-1024x200.jpeg 1024w, https:\/\/www.biltemak.com\/wp-content\/uploads\/2022\/02\/biltemak-logo-2-300x59.jpeg 300w, https:\/\/www.biltemak.com\/wp-content\/uploads\/2022\/02\/biltemak-logo-2-768x150.jpeg 768w, https:\/\/www.biltemak.com\/wp-content\/uploads\/2022\/02\/biltemak-logo-2-1536x300.jpeg 1536w, https:\/\/www.biltemak.com\/wp-content\/uploads\/2022\/02\/biltemak-logo-2-600x117.jpeg 600w, https:\/\/www.biltemak.com\/wp-content\/uploads\/2022\/02\/biltemak-logo-2.jpeg 1600w\" sizes=\"(max-width: 1024px) 100vw, 1024px\" \/><\/figure>\n","protected":false},"excerpt":{"rendered":"B\u0130LTEMAK GRUP B\u0130L\u0130\u015e\u0130M TEM\u0130ZL\u0130K MAK\u0130NE SAN. VE T\u0130C. LTD. \u015eT\u0130. \u00fcretim olanaklar\u0131, teknolojik donan\u0131m\u0131, bilgi birikim ve deneyimini \u00fclkemiz ve d\u00fcnya sanayisinin hizmetine sunmak \u00fczere kurulmu\u015ftur. B\u0130LTEMAK GRUP; gen\u00e7, dinamik ve umut vaat eden bir firma olmas\u0131yla birlikte \u00e7\u00f6z\u00fcm ortaklar\u0131yla 15 y\u0131l\u0131 a\u015fk\u0131n s\u00fcredir Bili\u015fim Teknolojileri, Temizlik Malzemeleri, Makine Teknolojileri, Sarf Malzemeleri ve Toner Dolumu&#8230;","protected":false},"author":1,"featured_media":0,"parent":0,"menu_order":0,"comment_status":"closed","ping_status":"closed","template":"","meta":[],"_links":{"self":[{"href":"https:\/\/www.biltemak.com\/index.php?rest_route=\/wp\/v2\/pages\/1743"}],"collection":[{"href":"https:\/\/www.biltemak.com\/index.php?rest_route=\/wp\/v2\/pages"}],"about":[{"href":"https:\/\/www.biltemak.com\/index.php?rest_route=\/wp\/v2\/types\/page"}],"author":[{"embeddable":true,"href":"https:\/\/www.biltemak.com\/index.php?rest_route=\/wp\/v2\/users\/1"}],"replies":[{"embeddable":true,"href":"https:\/\/www.biltemak.com\/index.php?rest_route=%2Fwp%2Fv2%2Fcomments&post=1743"}],"version-history":[{"count":4,"href":"https:\/\/www.biltemak.com\/index.php?rest_route=\/wp\/v2\/pages\/1743\/revisions"}],"predecessor-version":[{"id":2191,"href":"https:\/\/www.biltemak.com\/index.php?rest_route=\/wp\/v2\/pages\/1743\/revisions\/2191"}],"wp:attachment":[{"href":"https:\/\/www.biltemak.com\/index.php?rest_route=%2Fwp%2Fv2%2Fmedia&parent=1743"}],"curies":[{"name":"wp","href":"https:\/\/api.w.org\/{rel}","templated":true}]}}