{"id":1733,"date":"2021-11-08T09:14:10","date_gmt":"2021-11-08T09:14:10","guid":{"rendered":"https:\/\/www.biltemak.com\/?page_id=1733"},"modified":"2022-02-04T13:33:22","modified_gmt":"2022-02-04T13:33:22","slug":"degerlerimiz","status":"publish","type":"page","link":"https:\/\/www.biltemak.com\/?page_id=1733","title":{"rendered":"De\u011ferlerimiz"},"content":{"rendered":"\n<figure class=\"wp-block-image size-medium\"><img decoding=\"async\" loading=\"lazy\" width=\"300\" height=\"270\" src=\"https:\/\/www.biltemak.com\/wp-content\/uploads\/2022\/02\/biltemak-logo-1-1-300x270.jpeg\" alt=\"\" class=\"wp-image-2127\" srcset=\"https:\/\/www.biltemak.com\/wp-content\/uploads\/2022\/02\/biltemak-logo-1-1-300x270.jpeg 300w, https:\/\/www.biltemak.com\/wp-content\/uploads\/2022\/02\/biltemak-logo-1-1-1024x922.jpeg 1024w, https:\/\/www.biltemak.com\/wp-content\/uploads\/2022\/02\/biltemak-logo-1-1-768x692.jpeg 768w, https:\/\/www.biltemak.com\/wp-content\/uploads\/2022\/02\/biltemak-logo-1-1-1536x1383.jpeg 1536w, https:\/\/www.biltemak.com\/wp-content\/uploads\/2022\/02\/biltemak-logo-1-1-600x540.jpeg 600w, https:\/\/www.biltemak.com\/wp-content\/uploads\/2022\/02\/biltemak-logo-1-1.jpeg 1600w\" sizes=\"(max-width: 300px) 100vw, 300px\" \/><\/figure>\n\n\n\n<ul><li>\u0130nsana Sayg\u0131l\u0131 Olmak<\/li><li>S\u00fcrekli \u00d6\u011frenen ve Kendini Geli\u015ftiren Olmak<\/li><li>G\u00fcvenilir Olmak<\/li><li>Sistemli Olmak<\/li><li>Kararl\u0131 Olmak<\/li><li>Topluma, Tabiata ve \u00c7evreye Katk\u0131l\u0131 Olmak<\/li><li>De\u011fi\u015fen E\u011fitim \u0130htiya\u00e7lar\u0131na Haz\u0131rl\u0131kl\u0131 Olmak<\/li><li>\u00d6l\u00e7mek, De\u011ferlendirmek ve De\u011fer Yaratmak<\/li><li>D\u00fcr\u00fcst ve Hakkaniyet\u00e7i Olmak<\/li><li>Giri\u015fimci ve Yarat\u0131c\u0131 Olmak<\/li><li>\u0130leri G\u00f6r\u00fc\u015fl\u00fc Olmak<\/li><li>\u00d6zverili ve \u00d6zg\u00fcvenli Olmak<\/li><li>Dost hane, E\u015fitlik\u00e7i ve Ho\u015fg\u00f6r\u00fcl\u00fc Olmak<\/li><li>Bilimsel Yakla\u015f\u0131ma \u00d6nem Vermek<\/li><li>\u015eeffaf ve Objektif E\u011fitim Anlay\u0131\u015f\u0131nda Olmak<\/li><li>E\u011fitmen E\u011fitimlerine \u00d6nem Vermek<\/li><li>Temiz, Tertipli ve D\u00fczenli Olmak<\/li><li>Yard\u0131msever Olmak<\/li><li>T\u00fcrk \u00d6rf ve Adetlerine ba\u011fl\u0131 kalmak<\/li><li>Sayg\u0131 ve Sevgi bilincinin tam olmas\u0131 konular\u0131na uygun ve \u00e7al\u0131\u015fmalar\u0131n\u0131 bu temel de\u011ferler do\u011frultusunda s\u00fcrd\u00fcr\u00fcr.<\/li><\/ul>\n","protected":false},"excerpt":{"rendered":"\u0130nsana Sayg\u0131l\u0131 Olmak S\u00fcrekli \u00d6\u011frenen ve Kendini Geli\u015ftiren Olmak G\u00fcvenilir Olmak Sistemli Olmak Kararl\u0131 Olmak Topluma, Tabiata ve \u00c7evreye Katk\u0131l\u0131 Olmak De\u011fi\u015fen E\u011fitim \u0130htiya\u00e7lar\u0131na Haz\u0131rl\u0131kl\u0131 Olmak \u00d6l\u00e7mek, De\u011ferlendirmek ve De\u011fer Yaratmak D\u00fcr\u00fcst ve Hakkaniyet\u00e7i Olmak Giri\u015fimci ve Yarat\u0131c\u0131 Olmak \u0130leri G\u00f6r\u00fc\u015fl\u00fc Olmak \u00d6zverili ve \u00d6zg\u00fcvenli Olmak Dost hane, E\u015fitlik\u00e7i ve Ho\u015fg\u00f6r\u00fcl\u00fc Olmak Bilimsel Yakla\u015f\u0131ma \u00d6nem&#8230;","protected":false},"author":1,"featured_media":0,"parent":0,"menu_order":0,"comment_status":"closed","ping_status":"closed","template":"","meta":[],"_links":{"self":[{"href":"https:\/\/www.biltemak.com\/index.php?rest_route=\/wp\/v2\/pages\/1733"}],"collection":[{"href":"https:\/\/www.biltemak.com\/index.php?rest_route=\/wp\/v2\/pages"}],"about":[{"href":"https:\/\/www.biltemak.com\/index.php?rest_route=\/wp\/v2\/types\/page"}],"author":[{"embeddable":true,"href":"https:\/\/www.biltemak.com\/index.php?rest_route=\/wp\/v2\/users\/1"}],"replies":[{"embeddable":true,"href":"https:\/\/www.biltemak.com\/index.php?rest_route=%2Fwp%2Fv2%2Fcomments&post=1733"}],"version-history":[{"count":4,"href":"https:\/\/www.biltemak.com\/index.php?rest_route=\/wp\/v2\/pages\/1733\/revisions"}],"predecessor-version":[{"id":2128,"href":"https:\/\/www.biltemak.com\/index.php?rest_route=\/wp\/v2\/pages\/1733\/revisions\/2128"}],"wp:attachment":[{"href":"https:\/\/www.biltemak.com\/index.php?rest_route=%2Fwp%2Fv2%2Fmedia&parent=1733"}],"curies":[{"name":"wp","href":"https:\/\/api.w.org\/{rel}","templated":true}]}}