{"id":1731,"date":"2021-11-08T09:12:55","date_gmt":"2021-11-08T09:12:55","guid":{"rendered":"https:\/\/www.biltemak.com\/?page_id=1731"},"modified":"2022-02-04T07:10:37","modified_gmt":"2022-02-04T07:10:37","slug":"kalite-politikamiz","status":"publish","type":"page","link":"https:\/\/www.biltemak.com\/?page_id=1731","title":{"rendered":"Kalite Politikam\u0131z"},"content":{"rendered":"\n<p>M\u00fc\u015fteri odakl\u0131 y\u00f6netim;<\/p>\n\n\n\n<p>T\u00fcrk makine sekt\u00f6r\u00fcnde \u201c<strong><em>Zorlu Ko\u015fullar\u0131n, G\u00fc\u00e7l\u00fc \u00c7\u00f6z\u00fcm Orta\u011f\u0131<\/em><\/strong>\u201d mottosuyla faaliyetlerimizi s\u00fcrd\u00fcr\u00fcrken; vizyonumuz do\u011frultusunda, geli\u015fen ve g\u00fcncel teknolojileri kullanarak, m\u00fc\u015fteri beklentilerini a\u015farak kar\u015f\u0131layan, kolay ula\u015f\u0131labilir ve g\u00fcvenilir \u00fcr\u00fcnler \u00fcretiriz. Bu kapsamda, sa\u011flad\u0131\u011f\u0131m\u0131z \u00fcr\u00fcn ve hizmetlerde; m\u00fc\u015fteri memnuniyetini en \u00fcst d\u00fczeyde tutmak ve m\u00fc\u015fteri geri bildirimlerini etkin bir \u015fekilde y\u00f6netmek kalite politikam\u0131z\u0131n temelini olu\u015fturur.<\/p>\n\n\n\n<p>Kalite politikas\u0131 esaslar\u0131m\u0131z \u00e7er\u00e7evesindeki<\/p>\n\n\n\n<ul><li>Kalite y\u00f6netim sistemimizin ISO 9001 standard\u0131n\u0131 gereklerini yerine getirecek \u015fekilde dok\u00fcmante edilmesi, belgelendirilmesi ve s\u00fcrekli iyile\u015ftirilmesi,<\/li><li>Toplam Kalite felsefesini esas alarak, tak\u0131m ruhu i\u00e7erisinde \u015firket ve birim hedeflerine ula\u015f\u0131lmas\u0131,<\/li><li>\u0130\u015f s\u00fcre\u00e7lerimizin \u00f6z de\u011ferlendirme s\u00fcreci ile g\u00f6zden ge\u00e7irilerek, performans\u0131m\u0131z\u0131 geli\u015ftirecek \u00f6nleyici yakla\u015f\u0131mlar\u0131n belirlenmesi,<\/li><li>S\u00fcrekli iyile\u015ftirme yakla\u015f\u0131m\u0131 do\u011frultusunda t\u00fcm \u00fcretim s\u00fcre\u00e7lerimizdeki verimlili\u011fin yurt i\u00e7i ve globalde rekabet edebilecek seviyeye y\u00fckseltilmesi,<\/li><li>Yenilik\u00e7i ve yarat\u0131c\u0131 yakla\u015f\u0131mlar\u0131n cesaretlendirilmesi, teknik ve davran\u0131\u015fsal yetkinlikleri art\u0131racak dan\u0131\u015fmanl\u0131k e\u011fitimlerinin ger\u00e7ekle\u015ftirilmesi,<\/li><li>\u00c7al\u0131\u015fanlar\u0131m\u0131z\u0131n i\u015fyerinin olumsuz etkilerinden ve kazalardan koruyarak rahat ve g\u00fcvenli ortamlarda \u00e7al\u0131\u015fmalar\u0131n\u0131 sa\u011flamak, faaliyetlerimizden olumsuz etkilenme ihtimali olan t\u00fcm taraflar\u0131n sa\u011fl\u0131k ve g\u00fcvenliklerini olumsuz etkileyebilecek ko\u015fullar\u0131n ortadan kald\u0131r\u0131lmas\u0131 amac\u0131yla tehlike ve risk analizleri yap\u0131lmas\u0131,<\/li><li>\u00dcr\u00fcnlerimizi \u00e7evreye olmas\u0131 muhtemel etkilerini g\u00f6z \u00f6n\u00fcne alarak AR-GE \u00e7al\u0131\u015fmalar\u0131m\u0131z\u0131 bu y\u00f6nde planlamak ve kurulu\u015fumuzun \u00e7evreye bak\u0131\u015f a\u00e7\u0131s\u0131 ve \u00e7evre koruma uygulamalar\u0131 ile ilgili t\u00fcm payda\u015flar\u0131m\u0131zla s\u00fcrekli ileti\u015fim kurulmas\u0131,<\/li><\/ul>\n\n\n\n<p>y\u00f6n\u00fcndeki t\u00fcm faaliyetlerimizi \u00c7evre, \u0130\u015f Sa\u011fl\u0131\u011f\u0131 ve G\u00fcvenli\u011fi Y\u00f6netim Sistemleri ile birlikte b\u00fct\u00fcnle\u015fik bir \u015fekilde y\u00f6neterek, sekt\u00f6r\u00fcm\u00fczde her a\u00e7\u0131dan oldu\u011fu gibi kalite a\u00e7\u0131s\u0131ndan da \u00f6rnek bir kurulu\u015f olmak i\u00e7in var g\u00fcc\u00fcm\u00fczle \u00e7al\u0131\u015f\u0131r\u0131z.<\/p>\n","protected":false},"excerpt":{"rendered":"M\u00fc\u015fteri odakl\u0131 y\u00f6netim; T\u00fcrk makine sekt\u00f6r\u00fcnde \u201cZorlu Ko\u015fullar\u0131n, G\u00fc\u00e7l\u00fc \u00c7\u00f6z\u00fcm Orta\u011f\u0131\u201d mottosuyla faaliyetlerimizi s\u00fcrd\u00fcr\u00fcrken; vizyonumuz do\u011frultusunda, geli\u015fen ve g\u00fcncel teknolojileri kullanarak, m\u00fc\u015fteri beklentilerini a\u015farak kar\u015f\u0131layan, kolay ula\u015f\u0131labilir ve g\u00fcvenilir \u00fcr\u00fcnler \u00fcretiriz. Bu kapsamda, sa\u011flad\u0131\u011f\u0131m\u0131z \u00fcr\u00fcn ve hizmetlerde; m\u00fc\u015fteri memnuniyetini en \u00fcst d\u00fczeyde tutmak ve m\u00fc\u015fteri geri bildirimlerini etkin bir \u015fekilde y\u00f6netmek kalite politikam\u0131z\u0131n temelini olu\u015fturur&#8230;.","protected":false},"author":1,"featured_media":0,"parent":0,"menu_order":0,"comment_status":"closed","ping_status":"closed","template":"","meta":[],"_links":{"self":[{"href":"https:\/\/www.biltemak.com\/index.php?rest_route=\/wp\/v2\/pages\/1731"}],"collection":[{"href":"https:\/\/www.biltemak.com\/index.php?rest_route=\/wp\/v2\/pages"}],"about":[{"href":"https:\/\/www.biltemak.com\/index.php?rest_route=\/wp\/v2\/types\/page"}],"author":[{"embeddable":true,"href":"https:\/\/www.biltemak.com\/index.php?rest_route=\/wp\/v2\/users\/1"}],"replies":[{"embeddable":true,"href":"https:\/\/www.biltemak.com\/index.php?rest_route=%2Fwp%2Fv2%2Fcomments&post=1731"}],"version-history":[{"count":3,"href":"https:\/\/www.biltemak.com\/index.php?rest_route=\/wp\/v2\/pages\/1731\/revisions"}],"predecessor-version":[{"id":2044,"href":"https:\/\/www.biltemak.com\/index.php?rest_route=\/wp\/v2\/pages\/1731\/revisions\/2044"}],"wp:attachment":[{"href":"https:\/\/www.biltemak.com\/index.php?rest_route=%2Fwp%2Fv2%2Fmedia&parent=1731"}],"curies":[{"name":"wp","href":"https:\/\/api.w.org\/{rel}","templated":true}]}}